{"id":3,"date":"2021-11-04T09:39:31","date_gmt":"2021-11-04T09:39:31","guid":{"rendered":"http:\/\/bobkienson.bplaced.net\/wordpress\/?page_id=3"},"modified":"2021-11-04T13:27:39","modified_gmt":"2021-11-04T13:27:39","slug":"privacy-policy","status":"publish","type":"page","link":"http:\/\/bobkienson.bplaced.net\/wordpress\/?page_id=3","title":{"rendered":"Impressum"},"content":{"rendered":"\n<h2>ANGABEN GEM\u00c4SS \u00a7 5 TM<\/h2>\n\n\n\n<p><strong>Andreas Theuer<\/strong><\/p>\n\n\n\n<p>Nornenweg 2b<\/p>\n\n\n\n<p>85521 Riemerling<\/p>\n\n\n\n<h2>KONTAKT<\/h2>\n\n\n\n<p>Telefon: 089 \/ 35 06 29 93<\/p>\n\n\n\n<p>E-Mail: <a href=\"mailto:andi@uechi-ryu-muenchen.de\">andi@uechi-ryu-muenchen.de<\/a><\/p>\n\n\n\n<p><strong>Uechi-Ryu M\u00fcnchen ist eine Unterabteilung des TSC Maxvostadt<\/strong><\/p>\n\n\n\n<p>TSC Maxvorstadt e. V.<br>Josef-Knogler-Str. 55a<br>Gesch\u00e4ftsstelle: Andrea Wiegele<br>80993 M\u00fcnchen<\/p>\n\n\n\n<p>Vereinsregister: VR6587<br>Registergericht: Amtsgericht M\u00fcnchen<\/p>\n\n\n\n<p><strong>Vertreten durch:<\/strong><br>Jens Donat, erster Vorstand<\/p>\n\n\n\n<h2>KONTAKT<\/h2>\n\n\n\n<p>Telefon: 089-45813806<br>E-Mail: geschaeftsstelle@tsc-maxvorstadt.de<\/p>\n\n\n\n<h2>VERANTWORTLICH F\u00dcR DEN INHALT NACH \u00a7 55 ABS. 2 RSTV<\/h2>\n\n\n\n<p>Thanh Kien Quan<\/p>\n\n\n\n<p>Mozartring 5<\/p>\n\n\n\n<p>84405 Dorfen<\/p>\n\n\n\n<p>E-Mail: quan.thanh.kien@gmail.com<\/p>\n\n\n\n<h2>EU-STREITSCHLICHTUNG<\/h2>\n\n\n\n<p>Die Europ\u00e4ische Kommission stellt eine Plattform zur Online-Streitbeilegung (OS) bereit:&nbsp;<a href=\"https:\/\/ec.europa.eu\/consumers\/odr\" target=\"_blank\" rel=\"noreferrer noopener\">https:\/\/ec.europa.eu\/consumers\/odr<\/a>.<br>Unsere E-Mail-Adresse finden Sie oben im Impressum.<\/p>\n\n\n\n<h2>VERBRAUCHER\u00adSTREIT\u00adBEILEGUNG\/UNIVERSAL\u00adSCHLICHTUNGS\u00adSTELLE<\/h2>\n\n\n\n<p>Wir sind nicht bereit oder verpflichtet, an Streitbeilegungsverfahren vor einer Verbraucherschlichtungsstelle teilzunehmen.<\/p>\n\n\n\n<h3>Haftung f\u00fcr Inhalte<\/h3>\n\n\n\n<p>Als Diensteanbieter sind wir gem\u00e4\u00df \u00a7 7 Abs.1 TMG f\u00fcr eigene Inhalte auf diesen Seiten nach den allgemeinen Gesetzen verantwortlich. Nach \u00a7\u00a7 8 bis 10 TMG sind wir als Diensteanbieter jedoch nicht verpflichtet, \u00fcbermittelte oder gespeicherte fremde Informationen zu \u00fcberwachen oder nach Umst\u00e4nden zu forschen, die auf eine rechtswidrige T\u00e4tigkeit hinweisen.<\/p>\n\n\n\n<p>Verpflichtungen zur Entfernung oder Sperrung der Nutzung von Informationen nach den allgemeinen Gesetzen bleiben hiervon unber\u00fchrt. Eine diesbez\u00fcgliche Haftung ist jedoch erst ab dem Zeitpunkt der Kenntnis einer konkreten Rechtsverletzung m\u00f6glich. Bei Bekanntwerden von entsprechenden Rechtsverletzungen werden wir diese Inhalte umgehend entfernen.<\/p>\n\n\n\n<h3>Urheberrecht<\/h3>\n\n\n\n<p>Die durch die Seitenbetreiber erstellten Inhalte und Werke auf diesen Seiten unterliegen dem deutschen Urheberrecht. Die Vervielf\u00e4ltigung, Bearbeitung, Verbreitung und jede Art der Verwertung au\u00dferhalb der Grenzen des Urheberrechtes bed\u00fcrfen der schriftlichen Zustimmung des jeweiligen Autors bzw. Erstellers. Downloads und Kopien dieser Seite sind nur f\u00fcr den privaten, nicht kommerziellen Gebrauch gestattet.<\/p>\n\n\n\n<p>Soweit die Inhalte auf dieser Seite nicht vom Betreiber erstellt wurden, werden die Urheberrechte Dritter beachtet. Insbesondere werden Inhalte Dritter als solche gekennzeichnet. Sollten Sie trotzdem auf eine Urheberrechtsverletzung aufmerksam werden, bitten wir um einen entsprechenden Hinweis. Bei Bekanntwerden von Rechtsverletzungen werden wir derartige Inhalte umgehend entfernen.<\/p>\n","protected":false},"excerpt":{"rendered":"<p>ANGABEN GEM\u00c4SS \u00a7 5 TM Andreas Theuer Nornenweg 2b 85521 Riemerling KONTAKT Telefon: 089 \/ 35 06 29 93 E-Mail: andi@uechi-ryu-muenchen.de Uechi-Ryu M\u00fcnchen ist eine Unterabteilung des TSC Maxvostadt TSC Maxvorstadt e. V.Josef-Knogler-Str. 55aGesch\u00e4ftsstelle: Andrea Wiegele80993 M\u00fcnchen Vereinsregister: VR6587Registergericht: Amtsgericht M\u00fcnchen Vertreten durch:Jens Donat, erster Vorstand KONTAKT Telefon: 089-45813806E-Mail: geschaeftsstelle@tsc-maxvorstadt.de VERANTWORTLICH F\u00dcR DEN INHALT NACH [&hellip;]<\/p>\n","protected":false},"author":1,"featured_media":0,"parent":0,"menu_order":0,"comment_status":"closed","ping_status":"closed","template":"","meta":[],"_links":{"self":[{"href":"http:\/\/bobkienson.bplaced.net\/wordpress\/index.php?rest_route=\/wp\/v2\/pages\/3"}],"collection":[{"href":"http:\/\/bobkienson.bplaced.net\/wordpress\/index.php?rest_route=\/wp\/v2\/pages"}],"about":[{"href":"http:\/\/bobkienson.bplaced.net\/wordpress\/index.php?rest_route=\/wp\/v2\/types\/page"}],"author":[{"embeddable":true,"href":"http:\/\/bobkienson.bplaced.net\/wordpress\/index.php?rest_route=\/wp\/v2\/users\/1"}],"replies":[{"embeddable":true,"href":"http:\/\/bobkienson.bplaced.net\/wordpress\/index.php?rest_route=%2Fwp%2Fv2%2Fcomments&post=3"}],"version-history":[{"count":3,"href":"http:\/\/bobkienson.bplaced.net\/wordpress\/index.php?rest_route=\/wp\/v2\/pages\/3\/revisions"}],"predecessor-version":[{"id":87,"href":"http:\/\/bobkienson.bplaced.net\/wordpress\/index.php?rest_route=\/wp\/v2\/pages\/3\/revisions\/87"}],"wp:attachment":[{"href":"http:\/\/bobkienson.bplaced.net\/wordpress\/index.php?rest_route=%2Fwp%2Fv2%2Fmedia&parent=3"}],"curies":[{"name":"wp","href":"https:\/\/api.w.org\/{rel}","templated":true}]}}